{"id":8,"date":"2022-04-10T13:52:58","date_gmt":"2022-04-10T13:52:58","guid":{"rendered":"http:\/\/www.laptopkirala.com\/?page_id=8"},"modified":"2024-09-03T19:00:42","modified_gmt":"2024-09-03T19:00:42","slug":"front_page","status":"publish","type":"page","link":"https:\/\/www.laptopkirala.com\/","title":{"rendered":"Ana Sayfa"},"content":{"rendered":"\n\n\n\n\n\n\n\n\n\n\n\n","protected":false},"excerpt":{"rendered":"Yeni Nesil Bilgisayarlar Bilgisayarlar\u0131m\u0131z\u0131 belli aral\u0131klarla yenileyerek devaml\u0131 olarak g\u00fcncel tutmaktay\u0131z.Kasma ,donma veya yava\u015flama derdi olmadan i\u015flerinizi halletmenin keyfini ya\u015fay\u0131n. Her B\u00fct\u00e7eye uygun Y\u00fczlerce farkl\u0131 model aras\u0131nda b\u00fct\u00e7enize uygun bir model mutlaka vard\u0131r . Tasarruf edin Y\u00fcksek maliyetler ile sat\u0131n alma yerine kiralama se\u00e7enekleri ile tasarruf edebilir ve sermayenizi farkl\u0131 i\u015flere y\u00f6nlendirebilirsiniz.Dilerseniz sizlere sat\u0131n alma [...]","protected":false},"author":1,"featured_media":56,"parent":0,"menu_order":0,"comment_status":"closed","ping_status":"closed","template":"","meta":{"saved_in_kubio":true,"footnotes":""},"class_list":["post-8","page","type-page","status-publish","has-post-thumbnail","hentry"],"yoast_head":"<!-- This site is optimized with the Yoast SEO plugin v26.3 - https:\/\/yoast.com\/wordpress\/plugins\/seo\/ -->\n<title>Ana Sayfa - Ankara Laptop Kiralama<\/title>\n<meta name=\"robots\" content=\"index, follow, max-snippet:-1, max-image-preview:large, max-video-preview:-1\" \/>\n<link rel=\"canonical\" href=\"https:\/\/www.laptopkirala.com\/\" \/>\n<meta property=\"og:locale\" content=\"tr_TR\" \/>\n<meta property=\"og:type\" content=\"article\" \/>\n<meta property=\"og:title\" content=\"Ana Sayfa - Ankara Laptop Kiralama\" \/>\n<meta property=\"og:url\" content=\"https:\/\/www.laptopkirala.com\/\" \/>\n<meta property=\"og:site_name\" content=\"Ankara Laptop Kiralama\" \/>\n<meta property=\"article:modified_time\" content=\"2024-09-03T19:00:42+00:00\" \/>\n<meta property=\"og:image\" content=\"https:\/\/www.laptopkirala.com\/wp-content\/uploads\/2022\/04\/laptopkiralamacom.jpg\" \/>\n\t<meta property=\"og:image:width\" content=\"2560\" \/>\n\t<meta property=\"og:image:height\" content=\"1695\" \/>\n\t<meta property=\"og:image:type\" content=\"image\/jpeg\" \/>\n<meta name=\"twitter:card\" content=\"summary_large_image\" \/>\n<meta name=\"twitter:label1\" content=\"Tahmini okuma s\u00fcresi\" \/>\n\t<meta name=\"twitter:data1\" content=\"6 dakika\" \/>\n<script type=\"application\/ld+json\" class=\"yoast-schema-graph\">{\"@context\":\"https:\/\/schema.org\",\"@graph\":[{\"@type\":\"WebPage\",\"@id\":\"https:\/\/www.laptopkirala.com\/\",\"url\":\"https:\/\/www.laptopkirala.com\/\",\"name\":\"Ana Sayfa - Ankara Laptop Kiralama\",\"isPartOf\":{\"@id\":\"https:\/\/www.laptopkirala.com\/#website\"},\"primaryImageOfPage\":{\"@id\":\"https:\/\/www.laptopkirala.com\/#primaryimage\"},\"image\":{\"@id\":\"https:\/\/www.laptopkirala.com\/#primaryimage\"},\"thumbnailUrl\":\"https:\/\/www.laptopkirala.com\/wp-content\/uploads\/2022\/04\/laptopkiralamacom.jpg\",\"datePublished\":\"2022-04-10T13:52:58+00:00\",\"dateModified\":\"2024-09-03T19:00:42+00:00\",\"breadcrumb\":{\"@id\":\"https:\/\/www.laptopkirala.com\/#breadcrumb\"},\"inLanguage\":\"tr\",\"potentialAction\":[{\"@type\":\"ReadAction\",\"target\":[\"https:\/\/www.laptopkirala.com\/\"]}]},{\"@type\":\"ImageObject\",\"inLanguage\":\"tr\",\"@id\":\"https:\/\/www.laptopkirala.com\/#primaryimage\",\"url\":\"https:\/\/www.laptopkirala.com\/wp-content\/uploads\/2022\/04\/laptopkiralamacom.jpg\",\"contentUrl\":\"https:\/\/www.laptopkirala.com\/wp-content\/uploads\/2022\/04\/laptopkiralamacom.jpg\",\"width\":2560,\"height\":1695},{\"@type\":\"BreadcrumbList\",\"@id\":\"https:\/\/www.laptopkirala.com\/#breadcrumb\",\"itemListElement\":[{\"@type\":\"ListItem\",\"position\":1,\"name\":\"Anasayfa\",\"item\":\"https:\/\/www.laptopkirala.com\/\"},{\"@type\":\"ListItem\",\"position\":2,\"name\":\"Ana Sayfa\"}]},{\"@type\":\"WebSite\",\"@id\":\"https:\/\/www.laptopkirala.com\/#website\",\"url\":\"https:\/\/www.laptopkirala.com\/\",\"name\":\"Ankara Laptop Kiralama\",\"description\":\"Ankara Laptop Kiralama\",\"publisher\":{\"@id\":\"https:\/\/www.laptopkirala.com\/#organization\"},\"potentialAction\":[{\"@type\":\"SearchAction\",\"target\":{\"@type\":\"EntryPoint\",\"urlTemplate\":\"https:\/\/www.laptopkirala.com\/?s={search_term_string}\"},\"query-input\":{\"@type\":\"PropertyValueSpecification\",\"valueRequired\":true,\"valueName\":\"search_term_string\"}}],\"inLanguage\":\"tr\"},{\"@type\":\"Organization\",\"@id\":\"https:\/\/www.laptopkirala.com\/#organization\",\"name\":\"LaptopKirala\",\"url\":\"https:\/\/www.laptopkirala.com\/\",\"logo\":{\"@type\":\"ImageObject\",\"inLanguage\":\"tr\",\"@id\":\"https:\/\/www.laptopkirala.com\/#\/schema\/logo\/image\/\",\"url\":\"https:\/\/www.laptopkirala.com\/wp-content\/uploads\/2022\/05\/cropped-laptopkirala.com-logo.png\",\"contentUrl\":\"https:\/\/www.laptopkirala.com\/wp-content\/uploads\/2022\/05\/cropped-laptopkirala.com-logo.png\",\"width\":1391,\"height\":518,\"caption\":\"LaptopKirala\"},\"image\":{\"@id\":\"https:\/\/www.laptopkirala.com\/#\/schema\/logo\/image\/\"},\"sameAs\":[\"https:\/\/www.instagram.com\/laptopkiralama\"]}]}<\/script>\n<!-- \/ Yoast SEO plugin. -->","yoast_head_json":{"title":"Ana Sayfa - Ankara Laptop Kiralama","robots":{"index":"index","follow":"follow","max-snippet":"max-snippet:-1","max-image-preview":"max-image-preview:large","max-video-preview":"max-video-preview:-1"},"canonical":"https:\/\/www.laptopkirala.com\/","og_locale":"tr_TR","og_type":"article","og_title":"Ana Sayfa - Ankara Laptop Kiralama","og_url":"https:\/\/www.laptopkirala.com\/","og_site_name":"Ankara Laptop Kiralama","article_modified_time":"2024-09-03T19:00:42+00:00","og_image":[{"width":2560,"height":1695,"url":"https:\/\/www.laptopkirala.com\/wp-content\/uploads\/2022\/04\/laptopkiralamacom.jpg","type":"image\/jpeg"}],"twitter_card":"summary_large_image","twitter_misc":{"Tahmini okuma s\u00fcresi":"6 dakika"},"schema":{"@context":"https:\/\/schema.org","@graph":[{"@type":"WebPage","@id":"https:\/\/www.laptopkirala.com\/","url":"https:\/\/www.laptopkirala.com\/","name":"Ana Sayfa - Ankara Laptop Kiralama","isPartOf":{"@id":"https:\/\/www.laptopkirala.com\/#website"},"primaryImageOfPage":{"@id":"https:\/\/www.laptopkirala.com\/#primaryimage"},"image":{"@id":"https:\/\/www.laptopkirala.com\/#primaryimage"},"thumbnailUrl":"https:\/\/www.laptopkirala.com\/wp-content\/uploads\/2022\/04\/laptopkiralamacom.jpg","datePublished":"2022-04-10T13:52:58+00:00","dateModified":"2024-09-03T19:00:42+00:00","breadcrumb":{"@id":"https:\/\/www.laptopkirala.com\/#breadcrumb"},"inLanguage":"tr","potentialAction":[{"@type":"ReadAction","target":["https:\/\/www.laptopkirala.com\/"]}]},{"@type":"ImageObject","inLanguage":"tr","@id":"https:\/\/www.laptopkirala.com\/#primaryimage","url":"https:\/\/www.laptopkirala.com\/wp-content\/uploads\/2022\/04\/laptopkiralamacom.jpg","contentUrl":"https:\/\/www.laptopkirala.com\/wp-content\/uploads\/2022\/04\/laptopkiralamacom.jpg","width":2560,"height":1695},{"@type":"BreadcrumbList","@id":"https:\/\/www.laptopkirala.com\/#breadcrumb","itemListElement":[{"@type":"ListItem","position":1,"name":"Anasayfa","item":"https:\/\/www.laptopkirala.com\/"},{"@type":"ListItem","position":2,"name":"Ana Sayfa"}]},{"@type":"WebSite","@id":"https:\/\/www.laptopkirala.com\/#website","url":"https:\/\/www.laptopkirala.com\/","name":"Ankara Laptop Kiralama","description":"Ankara Laptop Kiralama","publisher":{"@id":"https:\/\/www.laptopkirala.com\/#organization"},"potentialAction":[{"@type":"SearchAction","target":{"@type":"EntryPoint","urlTemplate":"https:\/\/www.laptopkirala.com\/?s={search_term_string}"},"query-input":{"@type":"PropertyValueSpecification","valueRequired":true,"valueName":"search_term_string"}}],"inLanguage":"tr"},{"@type":"Organization","@id":"https:\/\/www.laptopkirala.com\/#organization","name":"LaptopKirala","url":"https:\/\/www.laptopkirala.com\/","logo":{"@type":"ImageObject","inLanguage":"tr","@id":"https:\/\/www.laptopkirala.com\/#\/schema\/logo\/image\/","url":"https:\/\/www.laptopkirala.com\/wp-content\/uploads\/2022\/05\/cropped-laptopkirala.com-logo.png","contentUrl":"https:\/\/www.laptopkirala.com\/wp-content\/uploads\/2022\/05\/cropped-laptopkirala.com-logo.png","width":1391,"height":518,"caption":"LaptopKirala"},"image":{"@id":"https:\/\/www.laptopkirala.com\/#\/schema\/logo\/image\/"},"sameAs":["https:\/\/www.instagram.com\/laptopkiralama"]}]}},"kubio_ai_page_context":{"short_desc":"","purpose":"general"},"_links":{"self":[{"href":"https:\/\/www.laptopkirala.com\/index.php?rest_route=\/wp\/v2\/pages\/8","targetHints":{"allow":["GET"]}}],"collection":[{"href":"https:\/\/www.laptopkirala.com\/index.php?rest_route=\/wp\/v2\/pages"}],"about":[{"href":"https:\/\/www.laptopkirala.com\/index.php?rest_route=\/wp\/v2\/types\/page"}],"author":[{"embeddable":true,"href":"https:\/\/www.laptopkirala.com\/index.php?rest_route=\/wp\/v2\/users\/1"}],"replies":[{"embeddable":true,"href":"https:\/\/www.laptopkirala.com\/index.php?rest_route=%2Fwp%2Fv2%2Fcomments&post=8"}],"version-history":[{"count":73,"href":"https:\/\/www.laptopkirala.com\/index.php?rest_route=\/wp\/v2\/pages\/8\/revisions"}],"predecessor-version":[{"id":397,"href":"https:\/\/www.laptopkirala.com\/index.php?rest_route=\/wp\/v2\/pages\/8\/revisions\/397"}],"wp:featuredmedia":[{"embeddable":true,"href":"https:\/\/www.laptopkirala.com\/index.php?rest_route=\/wp\/v2\/media\/56"}],"wp:attachment":[{"href":"https:\/\/www.laptopkirala.com\/index.php?rest_route=%2Fwp%2Fv2%2Fmedia&parent=8"}],"curies":[{"name":"wp","href":"https:\/\/api.w.org\/{rel}","templated":true}]}}