{"id":278,"date":"2022-09-22T08:47:03","date_gmt":"2022-09-22T08:47:03","guid":{"rendered":"https:\/\/www.laptopkirala.com\/?page_id=278"},"modified":"2024-06-30T13:57:15","modified_gmt":"2024-06-30T13:57:15","slug":"urunlerimiz","status":"publish","type":"page","link":"https:\/\/www.laptopkirala.com\/?page_id=278","title":{"rendered":"\u00dcr\u00fcnlerimiz"},"content":{"rendered":"\n\n\n\n\n\n","protected":false},"excerpt":{"rendered":"RENDER PC \u01309 13900KF\u00a0 \u00a0 \u00a0 \u00a0 \u00a0 \u00a0 \u00a0\u00a0RTX 3090 24gb\u00a0 \u00a0 \u00a0 \u00a064GB\u00a0 \u00a0 \u00a0 \u00a0 \u00a0 \u00a0 \u00a0 \u00a0 \u00a04TB SSD\u00a0 \u00a0 \u00a0 \u00a0\u00a0SIVI SO\u011eUTMA\u00a0 \u00a0 \u00a0 \u00a0 \u00a0 \u00a0\u00a0 Her t\u00fcrl\u00fc program\u0131 sorunsuz bir bi\u00e7imde \u00e7al\u0131\u015ft\u0131rabilece\u011finiz ,render ve modelleme konusunda size \u00e7ok zaman kazand\u0131racak son teknoloji masa\u00fcst\u00fc bilgisayarlar\u0131m\u0131z stoklar\u0131m\u0131zda. GAM\u0130NG PC [...]","protected":false},"author":1,"featured_media":0,"parent":0,"menu_order":0,"comment_status":"closed","ping_status":"closed","template":"full-width","meta":{"saved_in_kubio":true,"footnotes":""},"class_list":["post-278","page","type-page","status-publish","hentry"],"yoast_head":"<!-- This site is optimized with the Yoast SEO plugin v26.3 - https:\/\/yoast.com\/wordpress\/plugins\/seo\/ -->\n<title>\u00dcr\u00fcnlerimiz - Ankara Laptop Kiralama<\/title>\n<meta name=\"robots\" content=\"index, follow, max-snippet:-1, max-image-preview:large, max-video-preview:-1\" \/>\n<link rel=\"canonical\" href=\"https:\/\/www.laptopkirala.com\/?page_id=278\" \/>\n<meta property=\"og:locale\" content=\"tr_TR\" \/>\n<meta property=\"og:type\" content=\"article\" \/>\n<meta property=\"og:title\" content=\"\u00dcr\u00fcnlerimiz - Ankara Laptop Kiralama\" \/>\n<meta property=\"og:url\" content=\"https:\/\/www.laptopkirala.com\/?page_id=278\" \/>\n<meta property=\"og:site_name\" content=\"Ankara Laptop Kiralama\" \/>\n<meta property=\"article:modified_time\" content=\"2024-06-30T13:57:15+00:00\" \/>\n<meta name=\"twitter:card\" content=\"summary_large_image\" \/>\n<meta name=\"twitter:label1\" content=\"Tahmini okuma s\u00fcresi\" \/>\n\t<meta name=\"twitter:data1\" content=\"2 dakika\" \/>\n<script type=\"application\/ld+json\" class=\"yoast-schema-graph\">{\"@context\":\"https:\/\/schema.org\",\"@graph\":[{\"@type\":\"WebPage\",\"@id\":\"https:\/\/www.laptopkirala.com\/?page_id=278\",\"url\":\"https:\/\/www.laptopkirala.com\/?page_id=278\",\"name\":\"\u00dcr\u00fcnlerimiz - Ankara Laptop Kiralama\",\"isPartOf\":{\"@id\":\"https:\/\/www.laptopkirala.com\/#website\"},\"datePublished\":\"2022-09-22T08:47:03+00:00\",\"dateModified\":\"2024-06-30T13:57:15+00:00\",\"breadcrumb\":{\"@id\":\"https:\/\/www.laptopkirala.com\/?page_id=278#breadcrumb\"},\"inLanguage\":\"tr\",\"potentialAction\":[{\"@type\":\"ReadAction\",\"target\":[\"https:\/\/www.laptopkirala.com\/?page_id=278\"]}]},{\"@type\":\"BreadcrumbList\",\"@id\":\"https:\/\/www.laptopkirala.com\/?page_id=278#breadcrumb\",\"itemListElement\":[{\"@type\":\"ListItem\",\"position\":1,\"name\":\"Anasayfa\",\"item\":\"https:\/\/www.laptopkirala.com\/\"},{\"@type\":\"ListItem\",\"position\":2,\"name\":\"\u00dcr\u00fcnlerimiz\"}]},{\"@type\":\"WebSite\",\"@id\":\"https:\/\/www.laptopkirala.com\/#website\",\"url\":\"https:\/\/www.laptopkirala.com\/\",\"name\":\"Ankara Laptop Kiralama\",\"description\":\"Ankara Laptop Kiralama\",\"publisher\":{\"@id\":\"https:\/\/www.laptopkirala.com\/#organization\"},\"potentialAction\":[{\"@type\":\"SearchAction\",\"target\":{\"@type\":\"EntryPoint\",\"urlTemplate\":\"https:\/\/www.laptopkirala.com\/?s={search_term_string}\"},\"query-input\":{\"@type\":\"PropertyValueSpecification\",\"valueRequired\":true,\"valueName\":\"search_term_string\"}}],\"inLanguage\":\"tr\"},{\"@type\":\"Organization\",\"@id\":\"https:\/\/www.laptopkirala.com\/#organization\",\"name\":\"LaptopKirala\",\"url\":\"https:\/\/www.laptopkirala.com\/\",\"logo\":{\"@type\":\"ImageObject\",\"inLanguage\":\"tr\",\"@id\":\"https:\/\/www.laptopkirala.com\/#\/schema\/logo\/image\/\",\"url\":\"https:\/\/www.laptopkirala.com\/wp-content\/uploads\/2022\/05\/cropped-laptopkirala.com-logo.png\",\"contentUrl\":\"https:\/\/www.laptopkirala.com\/wp-content\/uploads\/2022\/05\/cropped-laptopkirala.com-logo.png\",\"width\":1391,\"height\":518,\"caption\":\"LaptopKirala\"},\"image\":{\"@id\":\"https:\/\/www.laptopkirala.com\/#\/schema\/logo\/image\/\"},\"sameAs\":[\"https:\/\/www.instagram.com\/laptopkiralama\"]}]}<\/script>\n<!-- \/ Yoast SEO plugin. -->","yoast_head_json":{"title":"\u00dcr\u00fcnlerimiz - Ankara Laptop Kiralama","robots":{"index":"index","follow":"follow","max-snippet":"max-snippet:-1","max-image-preview":"max-image-preview:large","max-video-preview":"max-video-preview:-1"},"canonical":"https:\/\/www.laptopkirala.com\/?page_id=278","og_locale":"tr_TR","og_type":"article","og_title":"\u00dcr\u00fcnlerimiz - Ankara Laptop Kiralama","og_url":"https:\/\/www.laptopkirala.com\/?page_id=278","og_site_name":"Ankara Laptop Kiralama","article_modified_time":"2024-06-30T13:57:15+00:00","twitter_card":"summary_large_image","twitter_misc":{"Tahmini okuma s\u00fcresi":"2 dakika"},"schema":{"@context":"https:\/\/schema.org","@graph":[{"@type":"WebPage","@id":"https:\/\/www.laptopkirala.com\/?page_id=278","url":"https:\/\/www.laptopkirala.com\/?page_id=278","name":"\u00dcr\u00fcnlerimiz - Ankara Laptop Kiralama","isPartOf":{"@id":"https:\/\/www.laptopkirala.com\/#website"},"datePublished":"2022-09-22T08:47:03+00:00","dateModified":"2024-06-30T13:57:15+00:00","breadcrumb":{"@id":"https:\/\/www.laptopkirala.com\/?page_id=278#breadcrumb"},"inLanguage":"tr","potentialAction":[{"@type":"ReadAction","target":["https:\/\/www.laptopkirala.com\/?page_id=278"]}]},{"@type":"BreadcrumbList","@id":"https:\/\/www.laptopkirala.com\/?page_id=278#breadcrumb","itemListElement":[{"@type":"ListItem","position":1,"name":"Anasayfa","item":"https:\/\/www.laptopkirala.com\/"},{"@type":"ListItem","position":2,"name":"\u00dcr\u00fcnlerimiz"}]},{"@type":"WebSite","@id":"https:\/\/www.laptopkirala.com\/#website","url":"https:\/\/www.laptopkirala.com\/","name":"Ankara Laptop Kiralama","description":"Ankara Laptop Kiralama","publisher":{"@id":"https:\/\/www.laptopkirala.com\/#organization"},"potentialAction":[{"@type":"SearchAction","target":{"@type":"EntryPoint","urlTemplate":"https:\/\/www.laptopkirala.com\/?s={search_term_string}"},"query-input":{"@type":"PropertyValueSpecification","valueRequired":true,"valueName":"search_term_string"}}],"inLanguage":"tr"},{"@type":"Organization","@id":"https:\/\/www.laptopkirala.com\/#organization","name":"LaptopKirala","url":"https:\/\/www.laptopkirala.com\/","logo":{"@type":"ImageObject","inLanguage":"tr","@id":"https:\/\/www.laptopkirala.com\/#\/schema\/logo\/image\/","url":"https:\/\/www.laptopkirala.com\/wp-content\/uploads\/2022\/05\/cropped-laptopkirala.com-logo.png","contentUrl":"https:\/\/www.laptopkirala.com\/wp-content\/uploads\/2022\/05\/cropped-laptopkirala.com-logo.png","width":1391,"height":518,"caption":"LaptopKirala"},"image":{"@id":"https:\/\/www.laptopkirala.com\/#\/schema\/logo\/image\/"},"sameAs":["https:\/\/www.instagram.com\/laptopkiralama"]}]}},"kubio_ai_page_context":{"short_desc":"","purpose":"general"},"_links":{"self":[{"href":"https:\/\/www.laptopkirala.com\/index.php?rest_route=\/wp\/v2\/pages\/278","targetHints":{"allow":["GET"]}}],"collection":[{"href":"https:\/\/www.laptopkirala.com\/index.php?rest_route=\/wp\/v2\/pages"}],"about":[{"href":"https:\/\/www.laptopkirala.com\/index.php?rest_route=\/wp\/v2\/types\/page"}],"author":[{"embeddable":true,"href":"https:\/\/www.laptopkirala.com\/index.php?rest_route=\/wp\/v2\/users\/1"}],"replies":[{"embeddable":true,"href":"https:\/\/www.laptopkirala.com\/index.php?rest_route=%2Fwp%2Fv2%2Fcomments&post=278"}],"version-history":[{"count":10,"href":"https:\/\/www.laptopkirala.com\/index.php?rest_route=\/wp\/v2\/pages\/278\/revisions"}],"predecessor-version":[{"id":392,"href":"https:\/\/www.laptopkirala.com\/index.php?rest_route=\/wp\/v2\/pages\/278\/revisions\/392"}],"wp:attachment":[{"href":"https:\/\/www.laptopkirala.com\/index.php?rest_route=%2Fwp%2Fv2%2Fmedia&parent=278"}],"curies":[{"name":"wp","href":"https:\/\/api.w.org\/{rel}","templated":true}]}}